{"id":27,"date":"2017-04-29T03:34:20","date_gmt":"2017-04-29T01:34:20","guid":{"rendered":"https:\/\/www.patrick-spohr.com\/deu\/?page_id=27"},"modified":"2026-03-16T15:10:34","modified_gmt":"2026-03-16T14:10:34","slug":"startseite","status":"publish","type":"page","link":"https:\/\/www.patrick-spohr.com\/deu\/","title":{"rendered":"Startseite"},"content":{"rendered":"<p>[et_pb_section fb_built=&#8221;1&#8243; custom_padding_last_edited=&#8221;off|phone&#8221; admin_label=&#8221;Hero&#8221; _builder_version=&#8221;4.27.5&#8243; _module_preset=&#8221;default&#8221; background_color=&#8221;gcid-91186201-7a86-458d-be91-67af13ffd624&#8243; use_background_color_gradient=&#8221;on&#8221; background_color_gradient_stops=&#8221;gcid-91186201-7a86-458d-be91-67af13ffd624 0%|gcid-e6fec8db-67f9-42b7-9da8-eefe346e2788 100%&#8221; background_pattern_horizontal_offset=&#8221;0%&#8221; min_height=&#8221;669px&#8221; custom_padding=&#8221;0px||132px||false|false&#8221; custom_padding_phone=&#8221;0px||||false|false&#8221; top_divider_height=&#8221;34px&#8221; bottom_divider_style=&#8221;ramp2&#8243; bottom_divider_color=&#8221;gcid-e6fec8db-67f9-42b7-9da8-eefe346e2788&#8243; bottom_divider_height=&#8221;33%&#8221; bottom_divider_repeat=&#8221;1x&#8221; bottom_divider_flip=&#8221;horizontal&#8221; border_width_right=&#8221;0px&#8221; border_color_right=&#8221;#000000&#8243; border_width_left=&#8221;0px&#8221; border_color_left=&#8221;#000000&#8243; border_width_right_tablet=&#8221;0px&#8221; border_width_right_phone=&#8221;0px&#8221; border_width_right_last_edited=&#8221;on|desktop&#8221; border_width_left_tablet=&#8221;0px&#8221; border_width_left_phone=&#8221;0px&#8221; border_width_left_last_edited=&#8221;on|phone&#8221; collapsed=&#8221;off&#8221; global_colors_info=&#8221;{%22gcid-e6fec8db-67f9-42b7-9da8-eefe346e2788%22:%91%22bottom_divider_color%22,%22background_color_gradient_stops%22%93,%22gcid-387c23d0-f81d-4e46-b731-f2f3f030913f%22:%91%22background_color_gradient_stops%22%93,%22gcid-91186201-7a86-458d-be91-67af13ffd624%22:%91%22background_color%22,%22background_color_gradient_stops%22%93}&#8221;][et_pb_row column_structure=&#8221;3_4,1_4&#8243; _builder_version=&#8221;4.27.5&#8243; _module_preset=&#8221;default&#8221; custom_padding=&#8221;||||false|false&#8221; global_colors_info=&#8221;{}&#8221;][et_pb_column type=&#8221;3_4&#8243; _builder_version=&#8221;4.19.3&#8243; _module_preset=&#8221;default&#8221; global_colors_info=&#8221;{}&#8221;][et_pb_text _builder_version=&#8221;4.19.4&#8243; _module_preset=&#8221;c16985e1-e0d6-4022-964d-e2bfc04fa633&#8243; text_font=&#8221;Abel|||on|||||&#8221; header_text_align=&#8221;left&#8221; header_text_color=&#8221;#FFFFFF&#8221; header_font_size=&#8221;120px&#8221; custom_margin=&#8221;20px||23px||false|false&#8221; custom_margin_tablet=&#8221;20px||23px||false|false&#8221; custom_margin_phone=&#8221;20px||18px||false|false&#8221; custom_margin_last_edited=&#8221;on|phone&#8221; animation_direction=&#8221;right&#8221; motion_trigger_start=&#8221;top&#8221; text_font_size_tablet=&#8221;&#8221; text_font_size_phone=&#8221;18px&#8221; text_font_size_last_edited=&#8221;on|phone&#8221; header_text_align_tablet=&#8221;center&#8221; header_text_align_phone=&#8221;center&#8221; header_text_align_last_edited=&#8221;on|tablet&#8221; header_font_size_tablet=&#8221;67px&#8221; header_font_size_phone=&#8221;41px&#8221; header_font_size_last_edited=&#8221;on|desktop&#8221; module_alignment_tablet=&#8221;center&#8221; module_alignment_phone=&#8221;center&#8221; module_alignment_last_edited=&#8221;on|tablet&#8221; global_colors_info=&#8221;%91%93&#8243; transform_styles__hover_enabled=&#8221;on|hover&#8221; transform_scale__hover_enabled=&#8221;on|hover&#8221; transform_translate__hover_enabled=&#8221;on|desktop&#8221; transform_rotate__hover_enabled=&#8221;on|desktop&#8221; transform_skew__hover_enabled=&#8221;on|desktop&#8221; transform_origin__hover_enabled=&#8221;on|desktop&#8221;]<\/p>\n<h1>Patrick Spohr<\/h1>\n<p>[\/et_pb_text][et_pb_text _builder_version=&#8221;4.27.5&#8243; _module_preset=&#8221;1f09816e-184e-4ce5-a4cf-b39c52c423ca&#8221; text_font_size=&#8221;21px&#8221; text_letter_spacing=&#8221;1px&#8221; text_line_height=&#8221;2em&#8221; custom_padding=&#8221;3px||16px|8px|false|false&#8221; text_font_size_tablet=&#8221;20px&#8221; text_font_size_phone=&#8221;14px&#8221; text_font_size_last_edited=&#8221;on|phone&#8221; header_font_size_tablet=&#8221;55px&#8221; header_font_size_last_edited=&#8221;off|desktop&#8221; text_text_shadow_style=&#8221;preset1&#8243; text_text_shadow_horizontal_length=&#8221;0.14em&#8221; text_text_shadow_vertical_length=&#8221;0.22em&#8221; text_text_shadow_blur_strength=&#8221;0.22em&#8221; border_radii=&#8221;on|5px|5px|5px|5px&#8221; border_width_left=&#8221;8px&#8221; border_color_left=&#8221;gcid-e6fec8db-67f9-42b7-9da8-eefe346e2788&#8243; global_colors_info=&#8221;{%22gcid-e6fec8db-67f9-42b7-9da8-eefe346e2788%22:%91%22border_color_left%22%93}&#8221;]<\/p>\n<p><strong>&#8220;Information is the oil of the 21st century, and analytics is the combustion engine.&#8221; &#8211; Peter Sondergaard<\/strong><\/p>\n<p>Ich bin studierter Finanz- und Datenanalyst und zu meinen Leidenschaften geh\u00f6ren der anderen Sprachen, Kulturen und Datenwissenschaft.<\/p>\n<p>Ich habe neulich meinen Masterabschluss an der HTW Berlin erworben.<\/p>\n<p>[\/et_pb_text][\/et_pb_column][et_pb_column type=&#8221;1_4&#8243; _builder_version=&#8221;4.17.4&#8243; _module_preset=&#8221;default&#8221; global_colors_info=&#8221;{}&#8221;][et_pb_image src=&#8221;https:\/\/www.patrick-spohr.com\/deu\/wp-content\/uploads\/2026\/02\/circular-frame-portrait-white.png&#8221; title_text=&#8221;circular-frame-portrait-white&#8221; align=&#8221;right&#8221; _builder_version=&#8221;4.27.5&#8243; _module_preset=&#8221;default&#8221; transform_scale=&#8221;168%|168%&#8221; transform_scale_tablet=&#8221;100%|100%&#8221; transform_scale_phone=&#8221;88%|88%&#8221; transform_scale_last_edited=&#8221;on|desktop&#8221; transform_translate=&#8221;22px|53px&#8221; transform_translate_tablet=&#8221;22px|53px&#8221; transform_translate_phone=&#8221;-2px|33px&#8221; transform_translate_last_edited=&#8221;on|desktop&#8221; transform_rotate_tablet=&#8221;&#8221; transform_rotate_phone=&#8221;&#8221; transform_rotate_last_edited=&#8221;on|desktop&#8221; transform_skew_tablet=&#8221;&#8221; transform_skew_phone=&#8221;&#8221; transform_skew_last_edited=&#8221;on|desktop&#8221; transform_origin_tablet=&#8221;&#8221; transform_origin_phone=&#8221;&#8221; transform_origin_last_edited=&#8221;on|desktop&#8221; transform_styles_last_edited=&#8221;on|desktop&#8221; z_index=&#8221;10&#8243; width_last_edited=&#8221;off|tablet&#8221; height_last_edited=&#8221;off|phone&#8221; max_height_tablet=&#8221;400px&#8221; max_height_phone=&#8221;400px&#8221; max_height_last_edited=&#8221;off|phone&#8221; custom_margin=&#8221;0%|0%||0px|false|false&#8221; custom_margin_tablet=&#8221;0%|0%|42px||false|false&#8221; custom_margin_phone=&#8221;0%|0%|||false|false&#8221; custom_margin_last_edited=&#8221;on|tablet&#8221; custom_padding=&#8221;|0px|||false|false&#8221; animation_direction=&#8221;bottom&#8221; scroll_vertical_motion=&#8221;73|86|86|100|5|2|0&#8243; scroll_horizontal_motion=&#8221;0|50|50|100|0|0|-4&#8243; scroll_fade=&#8221;86|94|94|100|0|100|100&#8243; motion_trigger_start=&#8221;top&#8221; transform_styles_tablet=&#8221;&#8221; transform_styles_phone=&#8221;&#8221; border_radii=&#8221;on|8px|8px|8px|8px&#8221; locked=&#8221;off&#8221; global_colors_info=&#8221;{%22gcid-e6fec8db-67f9-42b7-9da8-eefe346e2788%22:%91%22border_color_bottom%22,%22border_color_top%22%93}&#8221; src__hover_enabled=&#8221;off|desktop&#8221; height__hover_enabled=&#8221;on|hover&#8221; transform_styles__hover_enabled=&#8221;off|hover&#8221; transform_scale__hover_enabled=&#8221;off|hover&#8221; transform_translate__hover_enabled=&#8221;off|hover&#8221; transform_rotate__hover_enabled=&#8221;off|hover&#8221; transform_skew__hover_enabled=&#8221;off|hover&#8221; transform_origin__hover_enabled=&#8221;off|hover&#8221; transform_translate__hover=&#8221;24px|63px&#8221; transform_scale__hover=&#8221;170%|170%&#8221;][\/et_pb_image][\/et_pb_column][\/et_pb_row][et_pb_row column_structure=&#8221;1_3,1_3,1_3&#8243; _builder_version=&#8221;4.19.4&#8243; _module_preset=&#8221;default&#8221; custom_margin=&#8221;4px|auto||auto||&#8221; global_colors_info=&#8221;{}&#8221;][et_pb_column type=&#8221;1_3&#8243; _builder_version=&#8221;4.19.4&#8243; _module_preset=&#8221;default&#8221; global_colors_info=&#8221;{}&#8221;][et_pb_button button_url=&#8221;#quick-info&#8221; button_text=&#8221;Kurze Info&#8221; button_alignment=&#8221;center&#8221; _builder_version=&#8221;4.27.5&#8243; _module_preset=&#8221;b6b65114-0bd7-434e-a953-aba4ffb57e92&#8243; custom_button=&#8221;on&#8221; button_text_size=&#8221;27px&#8221; button_text_color=&#8221;gcid-91186201-7a86-458d-be91-67af13ffd624&#8243; button_bg_color=&#8221;RGBA(255,255,255,0)&#8221; button_border_width=&#8221;4px&#8221; button_border_radius=&#8221;3px&#8221; button_font=&#8221;Abel|700||on|||||&#8221; button_icon=&#8221;&#x35;||divi||400&#8243; button_text_color_tablet=&#8221;#FFFFFF&#8221; button_text_color_phone=&#8221;&#8221; button_text_color_last_edited=&#8221;on|desktop&#8221; global_colors_info=&#8221;{%22gcid-837e405e-7832-4143-908a-b994f224892f%22:%91%22button_text_color__hover%22%93,%22gcid-91186201-7a86-458d-be91-67af13ffd624%22:%91%22button_text_color%22%93}&#8221; filter_saturate__hover_enabled=&#8221;on|hover&#8221; filter_saturate__hover=&#8221;200%&#8221; button_text_color__hover=&#8221;#ffffff&#8221; button_text_color__hover_enabled=&#8221;on|desktop&#8221;][\/et_pb_button][\/et_pb_column][et_pb_column type=&#8221;1_3&#8243; _builder_version=&#8221;4.19.4&#8243; _module_preset=&#8221;default&#8221; global_colors_info=&#8221;{}&#8221;][et_pb_button button_url=&#8221;https:\/\/patrick-spohr.com&#8221; button_text=&#8221;English Version&#8221; button_alignment=&#8221;center&#8221; _builder_version=&#8221;4.27.5&#8243; _module_preset=&#8221;b6b65114-0bd7-434e-a953-aba4ffb57e92&#8243; custom_button=&#8221;on&#8221; button_text_size=&#8221;27px&#8221; button_text_color=&#8221;gcid-91186201-7a86-458d-be91-67af13ffd624&#8243; button_bg_color=&#8221;RGBA(255,255,255,0)&#8221; button_border_width=&#8221;4px&#8221; button_border_radius=&#8221;3px&#8221; button_font=&#8221;Abel|700||on|||||&#8221; button_icon=&#8221;&#x35;||divi||400&#8243; button_text_color_tablet=&#8221;#FFFFFF&#8221; button_text_color_phone=&#8221;&#8221; button_text_color_last_edited=&#8221;on|desktop&#8221; global_colors_info=&#8221;{%22gcid-837e405e-7832-4143-908a-b994f224892f%22:%91%22button_text_color__hover%22%93,%22gcid-91186201-7a86-458d-be91-67af13ffd624%22:%91%22button_text_color%22%93}&#8221; filter_saturate__hover_enabled=&#8221;on|hover&#8221; filter_saturate__hover=&#8221;200%&#8221; button_text_color__hover=&#8221;#ffffff&#8221; button_text_color__hover_enabled=&#8221;on|desktop&#8221;][\/et_pb_button][\/et_pb_column][et_pb_column type=&#8221;1_3&#8243; _builder_version=&#8221;4.19.4&#8243; _module_preset=&#8221;default&#8221; global_colors_info=&#8221;{}&#8221;][\/et_pb_column][\/et_pb_row][\/et_pb_section][et_pb_section fb_built=&#8221;1&#8243; admin_label=&#8221;About&#8221; module_id=&#8221;quick-info&#8221; _builder_version=&#8221;4.27.5&#8243; _module_preset=&#8221;default&#8221; background_color=&#8221;gcid-91186201-7a86-458d-be91-67af13ffd624&#8243; use_background_color_gradient=&#8221;on&#8221; background_color_gradient_stops=&#8221;gcid-e6fec8db-67f9-42b7-9da8-eefe346e2788 0%|gcid-91186201-7a86-458d-be91-67af13ffd624 100%&#8221; min_height=&#8221;780px&#8221; custom_margin=&#8221;-1px|0px|0px|0px|false|false&#8221; custom_padding=&#8221;3.1%|0px|36px|0px|false|false&#8221; top_divider_style=&#8221;ramp2&#8243; top_divider_color=&#8221;gcid-e6fec8db-67f9-42b7-9da8-eefe346e2788&#8243; top_divider_height=&#8221;42%&#8221; top_divider_repeat=&#8221;1x&#8221; top_divider_flip=&#8221;vertical&#8221; top_divider_height_tablet=&#8221;400px&#8221; top_divider_height_phone=&#8221;95px&#8221; top_divider_height_last_edited=&#8221;on|phone&#8221; bottom_divider_height=&#8221;92px&#8221; bottom_divider_flip=&#8221;horizontal&#8221; border_color_right=&#8221;#000000&#8243; border_color_left=&#8221;#000000&#8243; border_width_left_tablet=&#8221;&#8221; border_width_left_phone=&#8221;&#8221; border_width_left_last_edited=&#8221;on|desktop&#8221; collapsed=&#8221;off&#8221; global_colors_info=&#8221;{%22gcid-e6fec8db-67f9-42b7-9da8-eefe346e2788%22:%91%22top_divider_color%22,%22background_color_gradient_stops%22%93,%22gcid-e1fac8ea-5eb4-4ec9-9eb3-df732a69c29d%22:%91%22background_color_gradient_stops%22%93,%22gcid-af11a186-7cb6-4407-9d3a-cd166d264520%22:%91%22background_color_gradient_stops%22%93,%22gcid-e36bed9f-d007-4157-924f-1c808629a3bf%22:%91%22background_color_gradient_stops%22%93,%22gcid-91186201-7a86-458d-be91-67af13ffd624%22:%91%22background_color_gradient_stops%22,%22background_color%22%93}&#8221;][et_pb_row column_structure=&#8221;1_3,1_3,1_3&#8243; make_equal=&#8221;on&#8221; custom_padding_last_edited=&#8221;on|tablet&#8221; _builder_version=&#8221;4.19.4&#8243; _module_preset=&#8221;default&#8221; background_color=&#8221;gcid-a730cbfb-7d8e-4349-8f15-0224e272b3e8&#8243; width=&#8221;100%&#8221; max_width=&#8221;100%&#8221; module_alignment=&#8221;center&#8221; height=&#8221;120px&#8221; height_tablet=&#8221;340px&#8221; height_phone=&#8221;320px&#8221; height_last_edited=&#8221;on|phone&#8221; max_height=&#8221;300px&#8221; max_height_tablet=&#8221;340px&#8221; max_height_phone=&#8221;&#8221; max_height_last_edited=&#8221;on|phone&#8221; custom_margin=&#8221;0px|auto||auto|false|false&#8221; custom_padding=&#8221;20px|300px|20px|300px|true|true&#8221; custom_padding_tablet=&#8221;|0px||0px|true|true&#8221; custom_padding_phone=&#8221;|0px||0px|true|true&#8221; global_colors_info=&#8221;{%22gcid-a730cbfb-7d8e-4349-8f15-0224e272b3e8%22:%91%22background_color%22%93}&#8221; filter_invert__hover_enabled=&#8221;off|desktop&#8221; filter_invert__hover=&#8221;0%&#8221;][et_pb_column type=&#8221;1_3&#8243; _builder_version=&#8221;4.17.4&#8243; _module_preset=&#8221;default&#8221; global_colors_info=&#8221;{}&#8221;][et_pb_text _builder_version=&#8221;4.19.4&#8243; _module_preset=&#8221;006db172-6fe5-411f-acc6-103963d68f82&#8243; text_font=&#8221;|||on|||||&#8221; header_5_font=&#8221;Abel|700|||||||&#8221; header_5_line_height=&#8221;1em&#8221; header_5_font_size_phone=&#8221;24px&#8221; locked=&#8221;off&#8221; global_colors_info=&#8221;%91%93&#8243;]<\/p>\n<h5 style=\"text-align: center;\">LinkedIn<\/h5>\n<p>[\/et_pb_text][et_pb_text _builder_version=&#8221;4.19.4&#8243; _module_preset=&#8221;63495600-996c-42e2-b57d-6ac71b539cd3&#8243; link_option_url=&#8221;www.linkedin.com\/in\/p-g-s&#8221; link_option_url_new_window=&#8221;on&#8221; header_font_size_tablet=&#8221;55px&#8221; header_font_size_last_edited=&#8221;off|desktop&#8221; global_colors_info=&#8221;%91%93&#8243;]<\/p>\n<p style=\"text-align: center;\">linkedin.com\/in\/p-g-s<\/p>\n<p>[\/et_pb_text][\/et_pb_column][et_pb_column type=&#8221;1_3&#8243; _builder_version=&#8221;4.19.4&#8243; _module_preset=&#8221;default&#8221; global_colors_info=&#8221;{}&#8221;][et_pb_button button_url=&#8221;https:\/\/www.patrick-spohr.com\/deu\/wp-content\/uploads\/2026\/03\/Lebenslauf_Online.pdf&#8221; url_new_window=&#8221;on&#8221; button_text=&#8221;Lebenslauf&#8221; disabled_on=&#8221;off|off|off&#8221; _builder_version=&#8221;4.27.6&#8243; _module_preset=&#8221;2ae534f1-c5d4-4939-aa0a-b3e3d8b2efc7&#8243; button_text_size=&#8221;26px&#8221; button_bg_color=&#8221;RGBA(255,255,255,0)&#8221; button_border_radius=&#8221;10px&#8221; button_letter_spacing=&#8221;2px&#8221; button_font=&#8221;Actor|700||on|||||&#8221; button_icon=&#8221;&#xe05f;||divi||400&#8243; custom_margin=&#8221;8px||||false|false&#8221; hover_enabled=&#8221;0&#8243; button_text_color_tablet=&#8221;#FFFFFF&#8221; button_text_color_last_edited=&#8221;off|phone&#8221; global_colors_info=&#8221;{%22gcid-e6fec8db-67f9-42b7-9da8-eefe346e2788%22:%91%22button_text_color%22%93}&#8221; sticky_enabled=&#8221;0&#8243;][\/et_pb_button][\/et_pb_column][et_pb_column type=&#8221;1_3&#8243; _builder_version=&#8221;4.19.4&#8243; _module_preset=&#8221;default&#8221; global_colors_info=&#8221;{}&#8221;][et_pb_text _builder_version=&#8221;4.19.3&#8243; _module_preset=&#8221;006db172-6fe5-411f-acc6-103963d68f82&#8243; text_font=&#8221;|||on|||||&#8221; header_5_font=&#8221;Abel|700|||||||&#8221; header_5_line_height=&#8221;1em&#8221; header_5_font_size_phone=&#8221;24px&#8221; locked=&#8221;off&#8221; global_colors_info=&#8221;%91%93&#8243;]<\/p>\n<h5 style=\"text-align: center;\">Email<\/h5>\n<p>[\/et_pb_text][et_pb_text _builder_version=&#8221;4.19.4&#8243; _module_preset=&#8221;63495600-996c-42e2-b57d-6ac71b539cd3&#8243; header_font_size_tablet=&#8221;55px&#8221; header_font_size_last_edited=&#8221;off|desktop&#8221; global_colors_info=&#8221;%91%93&#8243;]<\/p>\n<p style=\"text-align: center;\">spohrpatrick@gmail.com<\/p>\n<p>[\/et_pb_text][\/et_pb_column][\/et_pb_row][et_pb_row column_structure=&#8221;1_3,2_3&#8243; _builder_version=&#8221;4.27.5&#8243; _module_preset=&#8221;default&#8221; custom_margin=&#8221;1.4%|auto||auto|false|false&#8221; custom_padding=&#8221;0px|0px|0px|0px|false|false&#8221; global_colors_info=&#8221;{}&#8221;][et_pb_column type=&#8221;1_3&#8243; _builder_version=&#8221;4.17.4&#8243; _module_preset=&#8221;default&#8221; global_colors_info=&#8221;{}&#8221;][et_pb_image src=&#8221;https:\/\/www.patrick-spohr.com\/deu\/wp-content\/uploads\/2026\/02\/doorway-garden-suzhou-600-800-50.jpg&#8221; title_text=&#8221;doorway-garden-suzhou&#8221; align_tablet=&#8221;center&#8221; align_phone=&#8221;center&#8221; align_last_edited=&#8221;on|tablet&#8221; _builder_version=&#8221;4.19.4&#8243; _module_preset=&#8221;default&#8221; max_height_tablet=&#8221;400px&#8221; max_height_phone=&#8221;400px&#8221; max_height_last_edited=&#8221;on|tablet&#8221; custom_padding=&#8221;25px||||false|false&#8221; border_radii=&#8221;on|10px|10px|10px|10px&#8221; global_colors_info=&#8221;%91%93&#8243;][\/et_pb_image][\/et_pb_column][et_pb_column type=&#8221;2_3&#8243; _builder_version=&#8221;4.17.4&#8243; _module_preset=&#8221;default&#8221; global_colors_info=&#8221;{}&#8221;][et_pb_text _builder_version=&#8221;4.27.5&#8243; _module_preset=&#8221;aaa7c440-590a-4078-ae0c-0f3c699ac51c&#8221; text_font=&#8221;Acme|||on|||||&#8221; header_font=&#8221;||||||||&#8221; header_3_font=&#8221;Actor|700|||||||&#8221; header_3_text_color=&#8221;#FFFFFF&#8221; header_3_font_size=&#8221;40px&#8221; header_3_line_height=&#8221;1.5em&#8221; custom_margin=&#8221;||10px||false|false&#8221; header_3_font_size_tablet=&#8221;20px&#8221; header_3_font_size_phone=&#8221;16px&#8221; header_3_font_size_last_edited=&#8221;on|phone&#8221; global_colors_info=&#8221;%91%93&#8243;]<\/p>\n<h3><span>Suchen Sie nach Finanz- oder Datenanalyst?<\/span><\/h3>\n<p>[\/et_pb_text][et_pb_text _builder_version=&#8221;4.27.5&#8243; _module_preset=&#8221;c4c3eef5-1f4d-4185-a575-675a836c5370&#8243; text_font_size=&#8221;24px&#8221; global_colors_info=&#8221;%91%93&#8243;]<\/p>\n<p><span>Egal, ob Analyse, Design oder Pr\u00e4sentation Ihr Ziel ist. Ich kann alles in einem hohen Standard und p\u00fcnktlich machen. Schwierige Aufgaben sind kein Problem, weil ich an das Lernen von neuen F\u00e4higkeiten gew\u00f6hnt bin, um meine Aufgaben zu erledigen. Nachdem die Analyse fertig ist, kann ich das Ergebnis allen Zuh\u00f6rern pr\u00e4sentieren.<\/span><\/p>\n<p>[\/et_pb_text][\/et_pb_column][\/et_pb_row][\/et_pb_section]<\/p>\n","protected":false},"excerpt":{"rendered":"<p>Patrick Spohr&#8221;Information is the oil of the 21st century, and analytics is the combustion engine.&#8221; &#8211; Peter Sondergaard Ich bin studierter Finanz- und Datenanalyst und zu meinen Leidenschaften geh\u00f6ren der anderen Sprachen, Kulturen und Datenwissenschaft. Ich habe neulich meinen Masterabschluss an der HTW Berlin erworben.LinkedInlinkedin.com\/in\/p-g-sEmailspohrpatrick@gmail.comSuchen Sie nach Finanz- oder Datenanalyst?Egal, ob Analyse, Design oder Pr\u00e4sentation [&hellip;]<\/p>\n","protected":false},"author":1,"featured_media":0,"parent":0,"menu_order":0,"comment_status":"closed","ping_status":"closed","template":"","meta":{"_et_pb_use_builder":"on","_et_pb_old_content":"[cs_content][cs_element_section _id=\"1\" ][cs_element_layout_row _id=\"2\" ][cs_element_layout_column _id=\"3\" ][cs_element_headline _id=\"4\" ][cs_content_seo]\u6211\u662f\u5e15\u7279\u91cc\u514b!nnI am a linguist, programmer, and analyst.nn[\/cs_content_seo][\/cs_element_layout_column][cs_element_layout_column _id=\"5\" ][cs_element_image _id=\"6\" ][\/cs_element_layout_column][\/cs_element_layout_row][\/cs_element_section][\/cs_content]","_et_gb_content_width":"","footnotes":""},"class_list":["post-27","page","type-page","status-publish","hentry"],"_links":{"self":[{"href":"https:\/\/www.patrick-spohr.com\/deu\/wp-json\/wp\/v2\/pages\/27","targetHints":{"allow":["GET"]}}],"collection":[{"href":"https:\/\/www.patrick-spohr.com\/deu\/wp-json\/wp\/v2\/pages"}],"about":[{"href":"https:\/\/www.patrick-spohr.com\/deu\/wp-json\/wp\/v2\/types\/page"}],"author":[{"embeddable":true,"href":"https:\/\/www.patrick-spohr.com\/deu\/wp-json\/wp\/v2\/users\/1"}],"replies":[{"embeddable":true,"href":"https:\/\/www.patrick-spohr.com\/deu\/wp-json\/wp\/v2\/comments?post=27"}],"version-history":[{"count":232,"href":"https:\/\/www.patrick-spohr.com\/deu\/wp-json\/wp\/v2\/pages\/27\/revisions"}],"predecessor-version":[{"id":1401,"href":"https:\/\/www.patrick-spohr.com\/deu\/wp-json\/wp\/v2\/pages\/27\/revisions\/1401"}],"wp:attachment":[{"href":"https:\/\/www.patrick-spohr.com\/deu\/wp-json\/wp\/v2\/media?parent=27"}],"curies":[{"name":"wp","href":"https:\/\/api.w.org\/{rel}","templated":true}]}}