{"id":285,"date":"2022-12-14T11:24:59","date_gmt":"2022-12-14T10:24:59","guid":{"rendered":"https:\/\/www.patrick-spohr.com\/deu\/?page_id=285"},"modified":"2026-02-05T10:39:46","modified_gmt":"2026-02-05T09:39:46","slug":"ueber-mich","status":"publish","type":"page","link":"https:\/\/www.patrick-spohr.com\/deu\/ueber-mich\/","title":{"rendered":"\u00dcber mich"},"content":{"rendered":"<p>[et_pb_section fb_built=&#8221;1&#8243; _builder_version=&#8221;4.27.5&#8243; _module_preset=&#8221;default&#8221; background_color=&#8221;gcid-91186201-7a86-458d-be91-67af13ffd624&#8243; use_background_color_gradient=&#8221;on&#8221; background_color_gradient_stops=&#8221;gcid-91186201-7a86-458d-be91-67af13ffd624 0%|gcid-387c23d0-f81d-4e46-b731-f2f3f030913f 100%&#8221; min_height=&#8221;550.1px&#8221; custom_padding=&#8221;73px||29px||false|false&#8221; top_divider_style=&#8221;ramp2&#8243; top_divider_color=&#8221;gcid-91186201-7a86-458d-be91-67af13ffd624&#8243; top_divider_height=&#8221;135px&#8221; top_divider_repeat=&#8221;1x&#8221; bottom_divider_color=&#8221;#000000&#8243; hover_enabled=&#8221;0&#8243; global_colors_info=&#8221;{%22gcid-91186201-7a86-458d-be91-67af13ffd624%22:%91%22top_divider_color%22,%22background_color%22,%22background_color_gradient_stops%22%93,%22gcid-e6fec8db-67f9-42b7-9da8-eefe346e2788%22:%91%22background_color_gradient_stops%22%93,%22gcid-387c23d0-f81d-4e46-b731-f2f3f030913f%22:%91%22background_color_gradient_stops%22%93}&#8221; sticky_enabled=&#8221;0&#8243;][et_pb_row column_structure=&#8221;1_2,1_2&#8243; _builder_version=&#8221;4.19.4&#8243; _module_preset=&#8221;default&#8221; min_height=&#8221;453.1px&#8221; custom_margin=&#8221;|auto|11px|auto|false|false&#8221; custom_padding=&#8221;||0px||false|false&#8221; global_colors_info=&#8221;{}&#8221;][et_pb_column type=&#8221;1_2&#8243; _builder_version=&#8221;4.19.4&#8243; _module_preset=&#8221;default&#8221; global_colors_info=&#8221;{}&#8221;][et_pb_image src=&#8221;https:\/\/www.patrick-spohr.com\/deu\/wp-content\/uploads\/2023\/01\/cb-mountain-highlift-600-450-100.jpg&#8221; title_text=&#8221;cb-mountain-highlift-600-450-100&#8243; _builder_version=&#8221;4.19.4&#8243; _module_preset=&#8221;default&#8221; custom_margin=&#8221;-30px||||false|false&#8221; border_radii=&#8221;on|20px|20px|20px|20px&#8221; global_colors_info=&#8221;{}&#8221;][\/et_pb_image][\/et_pb_column][et_pb_column type=&#8221;1_2&#8243; _builder_version=&#8221;4.19.3&#8243; _module_preset=&#8221;default&#8221; global_colors_info=&#8221;{}&#8221;][et_pb_text _builder_version=&#8221;4.27.5&#8243; _module_preset=&#8221;297b22d0-d059-49cd-b3cb-a1ebaaa7fe08&#8243; global_colors_info=&#8221;{%22gcid-837e405e-7832-4143-908a-b994f224892f%22:%91%22text_text_color%22%93}&#8221; hover_enabled=&#8221;0&#8243; sticky_enabled=&#8221;0&#8243;]<\/p>\n<p>Kurze Bio<\/p>\n<p>[\/et_pb_text][et_pb_text _builder_version=&#8221;4.19.4&#8243; _module_preset=&#8221;default&#8221; text_font_size=&#8221;18px&#8221; min_height=&#8221;290.1px&#8221; custom_margin=&#8221;-20px||24px|||&#8221; global_colors_info=&#8221;{}&#8221;]<\/p>\n<p>Ich bin ein begeisterter Selbstlerner, der die ganze Welt erfahren will. Meine Eltern zogen aus meinem Geburtsort W\u00fcrzburg nach Dallas, Texas, als ich ein Kleinkind war. Nach einigen Jahren zogen wir nach die wunderbaren Colorado Rockies. Ich verbrachte die Reste meiner Kindheit und meiner Jungendzeit in Gunnison, Colorado. Ich war nicht bereit Colorado nach meiner High-School zu verlassen, deswegen machte ich mein Studium an der Colorado State University in der angesagten Stadt Fort Collins.<\/p>\n<p>[\/et_pb_text][\/et_pb_column][\/et_pb_row][et_pb_row _builder_version=&#8221;4.19.4&#8243; _module_preset=&#8221;default&#8221; custom_padding=&#8221;||15px|||&#8221; global_colors_info=&#8221;{}&#8221;][et_pb_column type=&#8221;4_4&#8243; _builder_version=&#8221;4.19.4&#8243; _module_preset=&#8221;default&#8221; global_colors_info=&#8221;{}&#8221;][et_pb_divider _builder_version=&#8221;4.27.5&#8243; _module_preset=&#8221;c77ca62a-4679-446d-a213-594054465efd&#8221; global_colors_info=&#8221;{}&#8221; hover_enabled=&#8221;0&#8243; sticky_enabled=&#8221;0&#8243;][\/et_pb_divider][\/et_pb_column][\/et_pb_row][\/et_pb_section][et_pb_section fb_built=&#8221;1&#8243; _builder_version=&#8221;4.27.5&#8243; _module_preset=&#8221;default&#8221; background_color=&#8221;gcid-91186201-7a86-458d-be91-67af13ffd624&#8243; custom_padding=&#8221;22px||21px|||&#8221; hover_enabled=&#8221;0&#8243; global_colors_info=&#8221;{%22gcid-91186201-7a86-458d-be91-67af13ffd624%22:%91%22background_color%22,%22background_color_gradient_stops%22%93,%22gcid-e6fec8db-67f9-42b7-9da8-eefe346e2788%22:%91%22background_color_gradient_stops%22%93,%22gcid-387c23d0-f81d-4e46-b731-f2f3f030913f%22:%91%22background_color_gradient_stops%22%93,%22gcid-a4c93738-aeda-443d-8fcc-88407cca799a%22:%91%22background_color_gradient_stops%22%93}&#8221; use_background_color_gradient=&#8221;on&#8221; background_color_gradient_stops=&#8221;gcid-387c23d0-f81d-4e46-b731-f2f3f030913f 0%|gcid-91186201-7a86-458d-be91-67af13ffd624 100%&#8221; sticky_enabled=&#8221;0&#8243;][et_pb_row column_structure=&#8221;1_2,1_2&#8243; _builder_version=&#8221;4.19.4&#8243; _module_preset=&#8221;default&#8221; custom_padding=&#8221;24px||19px|||&#8221; global_colors_info=&#8221;{}&#8221;][et_pb_column type=&#8221;1_2&#8243; _builder_version=&#8221;4.19.4&#8243; _module_preset=&#8221;default&#8221; global_colors_info=&#8221;{}&#8221;][et_pb_text _builder_version=&#8221;4.19.4&#8243; _module_preset=&#8221;297b22d0-d059-49cd-b3cb-a1ebaaa7fe08&#8243; custom_margin=&#8221;1px||||false|false&#8221; custom_padding=&#8221;||0px|||&#8221; global_colors_info=&#8221;{}&#8221;]<\/p>\n<p>Hi \u4e0a\u6d77<\/p>\n<p>[\/et_pb_text][et_pb_text _builder_version=&#8221;4.19.4&#8243; _module_preset=&#8221;default&#8221; custom_margin=&#8221;4px|||||&#8221; custom_padding=&#8221;||0px|||&#8221; global_colors_info=&#8221;{}&#8221;]<\/p>\n<p>Nach meinem Abschluss wollte ich ein Auslandsstudium machen, um meinen Horizont zu erweitern. Ich w\u00e4hlte die Schanghai Jiao Tong University, denn ich hatte schon ein bisschen Chinesisch gelernt und ich wollte es verbessern. Schanghai ist eine faszinierende Stadt und ich lernte Ausl\u00e4nder kennen, die dort gern Englisch unterrichteten. Deshalb traf ich die Entscheidung in Schanghai zu leben und zu arbeiten. Die 3,5 Jahre waren aufregend und ich gab erfolgreich Englischunterricht.<\/p>\n<p>[\/et_pb_text][\/et_pb_column][et_pb_column type=&#8221;1_2&#8243; _builder_version=&#8221;4.19.4&#8243; _module_preset=&#8221;default&#8221; global_colors_info=&#8221;{}&#8221;][et_pb_image src=&#8221;https:\/\/www.patrick-spohr.com\/deu\/wp-content\/uploads\/2023\/01\/huangpu-night-shanghai-600-450-100.jpg&#8221; title_text=&#8221;huangpu-night-shanghai-600-450-100&#8243; _builder_version=&#8221;4.19.4&#8243; _module_preset=&#8221;default&#8221; custom_margin=&#8221;||63px|||&#8221; border_radii=&#8221;on|20px|20px|20px|20px&#8221; global_colors_info=&#8221;{}&#8221;][\/et_pb_image][\/et_pb_column][\/et_pb_row][et_pb_row _builder_version=&#8221;4.19.4&#8243; _module_preset=&#8221;default&#8221; global_colors_info=&#8221;{}&#8221;][et_pb_column type=&#8221;4_4&#8243; _builder_version=&#8221;4.19.4&#8243; _module_preset=&#8221;default&#8221; global_colors_info=&#8221;{}&#8221;][et_pb_divider _builder_version=&#8221;4.19.4&#8243; _module_preset=&#8221;c77ca62a-4679-446d-a213-594054465efd&#8221; global_colors_info=&#8221;{%22gcid-e6fec8db-67f9-42b7-9da8-eefe346e2788%22:%91%22color%22%93}&#8221;][\/et_pb_divider][\/et_pb_column][\/et_pb_row][\/et_pb_section][et_pb_section fb_built=&#8221;1&#8243; _builder_version=&#8221;4.27.5&#8243; _module_preset=&#8221;default&#8221; background_color=&#8221;gcid-91186201-7a86-458d-be91-67af13ffd624&#8243; custom_padding=&#8221;14px||24px|||&#8221; hover_enabled=&#8221;0&#8243; global_colors_info=&#8221;{%22gcid-91186201-7a86-458d-be91-67af13ffd624%22:%91%22background_color%22%93}&#8221; sticky_enabled=&#8221;0&#8243;][et_pb_row column_structure=&#8221;1_2,1_2&#8243; _builder_version=&#8221;4.19.4&#8243; _module_preset=&#8221;default&#8221; custom_padding=&#8221;22px|||||&#8221; global_colors_info=&#8221;{}&#8221;][et_pb_column type=&#8221;1_2&#8243; _builder_version=&#8221;4.19.4&#8243; _module_preset=&#8221;default&#8221; global_colors_info=&#8221;{}&#8221;][et_pb_image src=&#8221;https:\/\/www.patrick-spohr.com\/deu\/wp-content\/uploads\/2023\/01\/rathaus-bridge-bamberg-600-450-100.jpg&#8221; title_text=&#8221;rathaus-bridge-bamberg-600-450-100&#8243; _builder_version=&#8221;4.19.4&#8243; _module_preset=&#8221;default&#8221; border_radii=&#8221;on|20px|20px|20px|20px&#8221; global_colors_info=&#8221;{}&#8221;][\/et_pb_image][\/et_pb_column][et_pb_column type=&#8221;1_2&#8243; _builder_version=&#8221;4.19.4&#8243; _module_preset=&#8221;default&#8221; global_colors_info=&#8221;{}&#8221;][et_pb_text _builder_version=&#8221;4.19.4&#8243; _module_preset=&#8221;297b22d0-d059-49cd-b3cb-a1ebaaa7fe08&#8243; custom_margin=&#8221;1px||||false|false&#8221; custom_padding=&#8221;||0px|||&#8221; global_colors_info=&#8221;{}&#8221;]<\/p>\n<p>Der Kreis schlie\u00dft sich<\/p>\n<p>[\/et_pb_text][et_pb_text _builder_version=&#8221;4.19.4&#8243; _module_preset=&#8221;default&#8221; global_colors_info=&#8221;{}&#8221;]<\/p>\n<p>Die Covid-19 Pandemie \u00e4nderte die Welt ganz pl\u00f6tzlich und mich auch. Ich wollte andere Teile der Welt erfahren. Und Deutschland war die richtige Entscheidung. Ich nutzte den Vorteil, dass ich die doppelte Staatsangeh\u00f6rigkeit hatte und bekam meinen deutschen Reisepass. Die n\u00e4chste gro\u00dfe Herausforderung war Deutsch zu lernen, weil meine Eltern mir kein Deutsch beibrachten. Als die Lockdowns beendeten und die F\u00e4lle sanken, war es die Gelegenheit, ein Sprachinstitute zu finden und ein Zertifikat zu erlangen. Nach einem intensiven sechsmonatigen Kurs in der h\u00fcbschen Stadt Bamberg bestand ich die C1-Pr\u00fcfung.<\/p>\n<p>[\/et_pb_text][\/et_pb_column][\/et_pb_row][et_pb_row _builder_version=&#8221;4.19.4&#8243; _module_preset=&#8221;default&#8221; custom_padding=&#8221;36px||20px|||&#8221; global_colors_info=&#8221;{}&#8221;][et_pb_column type=&#8221;4_4&#8243; _builder_version=&#8221;4.19.4&#8243; _module_preset=&#8221;default&#8221; global_colors_info=&#8221;{}&#8221;][et_pb_divider _builder_version=&#8221;4.19.4&#8243; _module_preset=&#8221;c77ca62a-4679-446d-a213-594054465efd&#8221; global_colors_info=&#8221;{%22gcid-e6fec8db-67f9-42b7-9da8-eefe346e2788%22:%91%22color%22%93}&#8221;][\/et_pb_divider][\/et_pb_column][\/et_pb_row][\/et_pb_section][et_pb_section fb_built=&#8221;1&#8243; _builder_version=&#8221;4.27.5&#8243; _module_preset=&#8221;default&#8221; background_color=&#8221;gcid-91186201-7a86-458d-be91-67af13ffd624&#8243; custom_padding=&#8221;19px|||||&#8221; hover_enabled=&#8221;0&#8243; global_colors_info=&#8221;{%22gcid-91186201-7a86-458d-be91-67af13ffd624%22:%91%22background_color%22%93}&#8221; sticky_enabled=&#8221;0&#8243;][et_pb_row column_structure=&#8221;1_2,1_2&#8243; _builder_version=&#8221;4.19.4&#8243; _module_preset=&#8221;default&#8221; custom_padding=&#8221;20px|||||&#8221; global_colors_info=&#8221;{}&#8221;][et_pb_column type=&#8221;1_2&#8243; _builder_version=&#8221;4.19.4&#8243; _module_preset=&#8221;default&#8221; global_colors_info=&#8221;{}&#8221;][et_pb_text _builder_version=&#8221;4.19.4&#8243; _module_preset=&#8221;default&#8221; custom_padding=&#8221;||0px|||&#8221; global_colors_info=&#8221;{}&#8221;]<\/p>\n<p>Was bringt die Zukunft?<\/p>\n<p>Ich lebe das Leben in vollen Z\u00fcgen und folge meinen Leidenschaften.<\/p>\n<p>[\/et_pb_text][et_pb_text _builder_version=&#8221;4.19.4&#8243; _module_preset=&#8221;default&#8221; custom_margin=&#8221;22px|-2px||||&#8221; global_colors_info=&#8221;{}&#8221;]<\/p>\n<p>Analysieren und Entwerfen sind schon immer meine St\u00e4rken, weil ich Zahlen, Formeln, Gestalten und Farben in Ordnung bringen m\u00f6chte. Ich denke nicht, dass sich Kreativit\u00e4t und Analysef\u00e4higkeit ausschlie\u00dfen, sondern sie erg\u00e4nzen sich vielmehr.<\/p>\n<p>[\/et_pb_text][\/et_pb_column][et_pb_column type=&#8221;1_2&#8243; _builder_version=&#8221;4.19.4&#8243; _module_preset=&#8221;default&#8221; global_colors_info=&#8221;{}&#8221;][et_pb_image src=&#8221;https:\/\/www.patrick-spohr.com\/deu\/wp-content\/uploads\/2023\/01\/spider-web-pine-600-450.jpg&#8221; title_text=&#8221;spider-web-pine-600-450&#8243; _builder_version=&#8221;4.19.4&#8243; _module_preset=&#8221;default&#8221; border_radii=&#8221;on|20px|20px|20px|20px&#8221; global_colors_info=&#8221;{}&#8221;][\/et_pb_image][\/et_pb_column][\/et_pb_row][\/et_pb_section]<\/p>\n","protected":false},"excerpt":{"rendered":"<p>Kurze BioIch bin ein begeisterter Selbstlerner, der die ganze Welt erfahren will. Meine Eltern zogen aus meinem Geburtsort W\u00fcrzburg nach Dallas, Texas, als ich ein Kleinkind war. Nach einigen Jahren zogen wir nach die wunderbaren Colorado Rockies. Ich verbrachte die Reste meiner Kindheit und meiner Jungendzeit in Gunnison, Colorado. Ich war nicht bereit Colorado nach [&hellip;]<\/p>\n","protected":false},"author":1,"featured_media":0,"parent":0,"menu_order":0,"comment_status":"closed","ping_status":"closed","template":"","meta":{"_et_pb_use_builder":"on","_et_pb_old_content":"","_et_gb_content_width":"","footnotes":""},"class_list":["post-285","page","type-page","status-publish","hentry"],"_links":{"self":[{"href":"https:\/\/www.patrick-spohr.com\/deu\/wp-json\/wp\/v2\/pages\/285","targetHints":{"allow":["GET"]}}],"collection":[{"href":"https:\/\/www.patrick-spohr.com\/deu\/wp-json\/wp\/v2\/pages"}],"about":[{"href":"https:\/\/www.patrick-spohr.com\/deu\/wp-json\/wp\/v2\/types\/page"}],"author":[{"embeddable":true,"href":"https:\/\/www.patrick-spohr.com\/deu\/wp-json\/wp\/v2\/users\/1"}],"replies":[{"embeddable":true,"href":"https:\/\/www.patrick-spohr.com\/deu\/wp-json\/wp\/v2\/comments?post=285"}],"version-history":[{"count":23,"href":"https:\/\/www.patrick-spohr.com\/deu\/wp-json\/wp\/v2\/pages\/285\/revisions"}],"predecessor-version":[{"id":1365,"href":"https:\/\/www.patrick-spohr.com\/deu\/wp-json\/wp\/v2\/pages\/285\/revisions\/1365"}],"wp:attachment":[{"href":"https:\/\/www.patrick-spohr.com\/deu\/wp-json\/wp\/v2\/media?parent=285"}],"curies":[{"name":"wp","href":"https:\/\/api.w.org\/{rel}","templated":true}]}}